{"id":27,"date":"2022-06-09T14:18:02","date_gmt":"2022-06-09T12:18:02","guid":{"rendered":"https:\/\/metiac.es\/?page_id=27"},"modified":"2022-08-02T10:22:32","modified_gmt":"2022-08-02T08:22:32","slug":"inteligencia-artificial-big-data","status":"publish","type":"page","link":"https:\/\/metiac.es\/en\/inteligencia-artificial-big-data\/","title":{"rendered":"Artificial Intelligence \/ Big Data"},"content":{"rendered":"<div data-elementor-type=\"wp-page\" data-elementor-id=\"27\" class=\"elementor elementor-27\">\n\t\t\t\t\t\t\t\t\t<section class=\"elementor-section elementor-top-section elementor-element elementor-element-954ada8 elementor-section-full_width elementor-section-height-min-height elementor-section-height-default elementor-section-items-middle\" data-id=\"954ada8\" data-element_type=\"section\" data-settings=\"{&quot;background_background&quot;:&quot;classic&quot;}\">\n\t\t\t\t\t\t<div class=\"elementor-container elementor-column-gap-default\">\n\t\t\t\t\t<div class=\"elementor-column elementor-col-100 elementor-top-column elementor-element elementor-element-2f21b70\" data-id=\"2f21b70\" data-element_type=\"column\">\n\t\t\t<div class=\"elementor-widget-wrap elementor-element-populated\">\n\t\t\t\t\t\t\t\t<div class=\"elementor-element elementor-element-499713a elementor-widget elementor-widget-heading\" data-id=\"499713a\" data-element_type=\"widget\" data-widget_type=\"heading.default\">\n\t\t\t\t<div class=\"elementor-widget-container\">\n\t\t\t<style>\/*! elementor - v3.6.7 - 03-07-2022 *\/\n.elementor-heading-title{padding:0;margin:0;line-height:1}.elementor-widget-heading .elementor-heading-title[class*=elementor-size-]>a{color:inherit;font-size:inherit;line-height:inherit}.elementor-widget-heading .elementor-heading-title.elementor-size-small{font-size:15px}.elementor-widget-heading .elementor-heading-title.elementor-size-medium{font-size:19px}.elementor-widget-heading .elementor-heading-title.elementor-size-large{font-size:29px}.elementor-widget-heading .elementor-heading-title.elementor-size-xl{font-size:39px}.elementor-widget-heading .elementor-heading-title.elementor-size-xxl{font-size:59px}<\/style><h1 class=\"elementor-heading-title elementor-size-default translation-block\">Artificial Intelligence<br>Big Data<\/h1>\t\t<\/div>\n\t\t\t\t<\/div>\n\t\t\t\t<div class=\"elementor-element elementor-element-41a55fd elementor-widget__width-initial elementor-widget elementor-widget-text-editor\" data-id=\"41a55fd\" data-element_type=\"widget\" data-widget_type=\"text-editor.default\">\n\t\t\t\t<div class=\"elementor-widget-container\">\n\t\t\t<style>\/*! elementor - v3.6.7 - 03-07-2022 *\/\n.elementor-widget-text-editor.elementor-drop-cap-view-stacked .elementor-drop-cap{background-color:#818a91;color:#fff}.elementor-widget-text-editor.elementor-drop-cap-view-framed .elementor-drop-cap{color:#818a91;border:3px solid;background-color:transparent}.elementor-widget-text-editor:not(.elementor-drop-cap-view-default) .elementor-drop-cap{margin-top:8px}.elementor-widget-text-editor:not(.elementor-drop-cap-view-default) .elementor-drop-cap-letter{width:1em;height:1em}.elementor-widget-text-editor .elementor-drop-cap{float:left;text-align:center;line-height:1;font-size:50px}.elementor-widget-text-editor .elementor-drop-cap-letter{display:inline-block}<\/style>\t\t\t\t<p>The world of artificial intelligence and \"Big Data\" makes it possible to translate data into useful information for different consumers.<\/p>\t\t\t\t\t\t<\/div>\n\t\t\t\t<\/div>\n\t\t\t\t\t<\/div>\n\t\t<\/div>\n\t\t\t\t\t\t\t<\/div>\n\t\t<\/section>\n\t\t\t\t<section class=\"elementor-section elementor-top-section elementor-element elementor-element-0685611 elementor-section-full_width elementor-section-height-default elementor-section-height-default\" data-id=\"0685611\" data-element_type=\"section\">\n\t\t\t\t\t\t<div class=\"elementor-container elementor-column-gap-default\">\n\t\t\t\t\t<div class=\"elementor-column elementor-col-33 elementor-top-column elementor-element elementor-element-091738f\" data-id=\"091738f\" data-element_type=\"column\">\n\t\t\t<div class=\"elementor-widget-wrap elementor-element-populated\">\n\t\t\t\t\t\t\t\t<section class=\"elementor-section elementor-inner-section elementor-element elementor-element-a6ecc4c elementor-section-full_width elementor-section-height-min-height elementor-section-height-default\" data-id=\"a6ecc4c\" data-element_type=\"section\">\n\t\t\t\t\t\t<div class=\"elementor-container elementor-column-gap-no\">\n\t\t\t\t\t<div class=\"elementor-column elementor-col-100 elementor-inner-column elementor-element elementor-element-46e2ee3\" data-id=\"46e2ee3\" data-element_type=\"column\">\n\t\t\t<div class=\"elementor-widget-wrap elementor-element-populated\">\n\t\t\t\t\t\t\t\t<div class=\"elementor-element elementor-element-0eadffa elementor-view-default elementor-widget elementor-widget-icon\" data-id=\"0eadffa\" data-element_type=\"widget\" data-widget_type=\"icon.default\">\n\t\t\t\t<div class=\"elementor-widget-container\">\n\t\t\t\t\t<div class=\"elementor-icon-wrapper\">\n\t\t\t<div class=\"elementor-icon\">\n\t\t\t<svg xmlns=\"http:\/\/www.w3.org\/2000\/svg\" xmlns:xlink=\"http:\/\/www.w3.org\/1999\/xlink\" width=\"69.889\" height=\"67.75\" viewbox=\"0 0 69.889 67.75\"><defs><lineargradient id=\"linear-gradient\" x1=\"0.5\" x2=\"0.5\" y2=\"1\" gradientunits=\"objectBoundingBox\"><stop offset=\"0\" stop-color=\"#37bccf\"><\/stop><stop offset=\"1\" stop-color=\"#004567\"><\/stop><\/lineargradient><\/defs><g id=\"Group_136\" data-name=\"Group 136\" transform=\"translate(-107.054 -113.924)\"><path id=\"Path_771\" data-name=\"Path 771\" d=\"M176.411,129.769l-15.543-15.543a1.029,1.029,0,0,0-.728-.3H125.325a1.028,1.028,0,0,0-.727.3l-8.882,8.882a3.093,3.093,0,1,0,1.454,1.454l8.58-8.58h33.963l14.941,14.941v9.585l-1.68,1.679a3.093,3.093,0,1,0,1.454,1.454l1.981-1.981a1.028,1.028,0,0,0,.3-.727V130.5A1.032,1.032,0,0,0,176.411,129.769Z\" transform=\"translate(0.232 0)\" fill=\"url(#linear-gradient)\"><\/path><path id=\"Path_772\" data-name=\"Path 772\" d=\"M133.944,148.141a3.093,3.093,0,0,0-2.915,2.065H119.12l-7.944-7.946V134.78a3.093,3.093,0,1,0-2.058,0v7.907a1.029,1.029,0,0,0,.3.728l8.547,8.547a1.029,1.029,0,0,0,.728.3h12.335a3.092,3.092,0,1,0,2.915-4.122Z\" transform=\"translate(0 0.812)\" fill=\"url(#linear-gradient)\"><\/path><path id=\"Path_773\" data-name=\"Path 773\" d=\"M169.256,147.924a3.091,3.091,0,0,0-1.028,6.007v.516l-4.317,4.317h-5.723a1.028,1.028,0,0,0-.727.3l-4.489,4.488a1.029,1.029,0,0,0-.3.728v9.525a3.093,3.093,0,1,0,2.057,0v-9.1l3.887-3.885h5.722a1.029,1.029,0,0,0,.728-.3l4.92-4.92a1.025,1.025,0,0,0,.3-.727v-.942a3.091,3.091,0,0,0-1.028-6.007Z\" transform=\"translate(2.382 1.859)\" fill=\"url(#linear-gradient)\"><\/path><path id=\"Path_774\" data-name=\"Path 774\" d=\"M149.378,167.668V162.9a1.031,1.031,0,0,0-.3-.728l-7.692-7.69a3.092,3.092,0,1,0-1.453,1.454l7.389,7.389v4.345a3.094,3.094,0,1,0,2.058,0Z\" transform=\"translate(1.556 1.976)\" fill=\"url(#linear-gradient)\"><\/path><path id=\"Path_775\" data-name=\"Path 775\" d=\"M118.515,135.507a3.093,3.093,0,1,0-.854,4.975l4.827,4.826a1.028,1.028,0,0,0,.727.3h10.945a1.028,1.028,0,0,0,.727-.3l4.643-4.643a3.093,3.093,0,1,0-1.454-1.454l-4.341,4.342H123.641l-4.526-4.526A3.09,3.09,0,0,0,118.515,135.507Z\" transform=\"translate(0.338 1.131)\" fill=\"url(#linear-gradient)\"><\/path><path id=\"Path_776\" data-name=\"Path 776\" d=\"M120.443,123.318a3.092,3.092,0,0,0,3.521,4.976l3.9,3.9v3.443a3.093,3.093,0,1,0,2.057,0v-3.868a1.029,1.029,0,0,0-.3-.728l-4.2-4.2a3.092,3.092,0,0,0-4.975-3.522Z\" transform=\"translate(0.683 0.464)\" fill=\"url(#linear-gradient)\"><\/path><path id=\"Path_777\" data-name=\"Path 777\" d=\"M145.245,156.173a3.093,3.093,0,0,0,2.915-2.064h3.91a1.028,1.028,0,0,0,.727-.3l5.172-5.171H160.9a3.093,3.093,0,1,0,0-2.057h-3.358a1.024,1.024,0,0,0-.727.3l-5.172,5.171h-3.484a3.092,3.092,0,1,0-2.915,4.122Z\" transform=\"translate(1.919 1.673)\" fill=\"url(#linear-gradient)\"><\/path><path id=\"Path_778\" data-name=\"Path 778\" d=\"M143.167,144.23a3.094,3.094,0,1,0,1.454,1.454L154.707,135.6a1.027,1.027,0,0,0,.3-.727V129.24a3.093,3.093,0,1,0-2.057,0v5.207Z\" transform=\"translate(1.733 0.509)\" fill=\"url(#linear-gradient)\"><\/path><path id=\"Path_779\" data-name=\"Path 779\" d=\"M130.194,118.434a3.093,3.093,0,1,0-.854,4.976l7.517,7.516a1.029,1.029,0,0,0,.728.3h6.248a3.093,3.093,0,1,0,0-2.058h-5.823l-7.215-7.214A3.092,3.092,0,0,0,130.194,118.434Z\" transform=\"translate(0.977 0.197)\" fill=\"url(#linear-gradient)\"><\/path><path id=\"Path_780\" data-name=\"Path 780\" d=\"M163.693,126.074l-6.469-6.469a1.027,1.027,0,0,0-.727-.3H140.7a3.093,3.093,0,1,0,0,2.057h15.374l6.168,6.169a3.093,3.093,0,1,0,1.454-1.455Z\" transform=\"translate(1.511 0.181)\" fill=\"url(#linear-gradient)\"><\/path><path id=\"Path_781\" data-name=\"Path 781\" d=\"M170.487,135.362a3.091,3.091,0,0,0-6.008-1.028h-4.525a1.028,1.028,0,0,0-.728.3L150.864,143a3.093,3.093,0,1,0,1.454,1.454l8.062-8.061h4.1a3.091,3.091,0,0,0,6.008-1.028Z\" transform=\"translate(2.154 1.003)\" fill=\"url(#linear-gradient)\"><\/path><\/g><\/svg>\t\t\t<\/div>\n\t\t<\/div>\n\t\t\t\t<\/div>\n\t\t\t\t<\/div>\n\t\t\t\t<div class=\"elementor-element elementor-element-af37225 elementor-widget elementor-widget-heading\" data-id=\"af37225\" data-element_type=\"widget\" data-widget_type=\"heading.default\">\n\t\t\t\t<div class=\"elementor-widget-container\">\n\t\t\t<h2 class=\"elementor-heading-title elementor-size-default translation-block\">DETECTION, PREDICTION, ANALYSIS AND COUNTING OF PEOPLE \/ VEHICLES \/ PLANTS \/ ANIMALS<\/h2>\t\t<\/div>\n\t\t\t\t<\/div>\n\t\t\t\t\t<\/div>\n\t\t<\/div>\n\t\t\t\t\t\t\t<\/div>\n\t\t<\/section>\n\t\t\t\t<div class=\"elementor-element elementor-element-624f43d elementor-widget elementor-widget-text-editor\" data-id=\"624f43d\" data-element_type=\"widget\" data-widget_type=\"text-editor.default\">\n\t\t\t\t<div class=\"elementor-widget-container\">\n\t\t\t\t\t\t\t<p>Analysis of flows in shopping centres, airports, roads, farms, etc. or for capacity control using images in theatres, events, fairs, sports stadiums, festivals, etc. without the need for physical means such as turnstiles or manual counting.<\/p>\t\t\t\t\t\t<\/div>\n\t\t\t\t<\/div>\n\t\t\t\t\t<\/div>\n\t\t<\/div>\n\t\t\t\t<div class=\"elementor-column elementor-col-33 elementor-top-column elementor-element elementor-element-3a7ac26\" data-id=\"3a7ac26\" data-element_type=\"column\">\n\t\t\t<div class=\"elementor-widget-wrap elementor-element-populated\">\n\t\t\t\t\t\t\t\t<section class=\"elementor-section elementor-inner-section elementor-element elementor-element-d712bd4 elementor-section-full_width elementor-section-height-min-height elementor-section-height-default\" data-id=\"d712bd4\" data-element_type=\"section\">\n\t\t\t\t\t\t<div class=\"elementor-container elementor-column-gap-no\">\n\t\t\t\t\t<div class=\"elementor-column elementor-col-100 elementor-inner-column elementor-element elementor-element-452c060\" data-id=\"452c060\" data-element_type=\"column\">\n\t\t\t<div class=\"elementor-widget-wrap elementor-element-populated\">\n\t\t\t\t\t\t\t\t<div class=\"elementor-element elementor-element-a0f5eaa elementor-view-default elementor-widget elementor-widget-icon\" data-id=\"a0f5eaa\" data-element_type=\"widget\" data-widget_type=\"icon.default\">\n\t\t\t\t<div class=\"elementor-widget-container\">\n\t\t\t\t\t<div class=\"elementor-icon-wrapper\">\n\t\t\t<div class=\"elementor-icon\">\n\t\t\t<svg xmlns=\"http:\/\/www.w3.org\/2000\/svg\" xmlns:xlink=\"http:\/\/www.w3.org\/1999\/xlink\" width=\"63.784\" height=\"51.027\" viewbox=\"0 0 63.784 51.027\"><defs><lineargradient id=\"linear-gradient\" x1=\"0.5\" x2=\"0.5\" y2=\"1\" gradientunits=\"objectBoundingBox\"><stop offset=\"0\" stop-color=\"#52e9f3\"><\/stop><stop offset=\"1\" stop-color=\"#006187\"><\/stop><\/lineargradient><\/defs><path id=\"Icon_material-storage\" data-name=\"Icon material-storage\" d=\"M3,57.027H66.784V44.27H3Zm6.378-9.568h6.378v6.378H9.378ZM3,6V18.757H66.784V6Zm12.757,9.568H9.378V9.189h6.378ZM3,37.892H66.784V25.135H3Zm6.378-9.568h6.378V34.7H9.378Z\" transform=\"translate(-3 -6)\" fill=\"url(#linear-gradient)\"><\/path><\/svg>\t\t\t<\/div>\n\t\t<\/div>\n\t\t\t\t<\/div>\n\t\t\t\t<\/div>\n\t\t\t\t<div class=\"elementor-element elementor-element-57c5f83 elementor-widget elementor-widget-heading\" data-id=\"57c5f83\" data-element_type=\"widget\" data-widget_type=\"heading.default\">\n\t\t\t\t<div class=\"elementor-widget-container\">\n\t\t\t<h2 class=\"elementor-heading-title elementor-size-default translation-block\">DATA ENGINEERING<\/h2>\t\t<\/div>\n\t\t\t\t<\/div>\n\t\t\t\t\t<\/div>\n\t\t<\/div>\n\t\t\t\t\t\t\t<\/div>\n\t\t<\/section>\n\t\t\t\t<div class=\"elementor-element elementor-element-1581a82 elementor-widget elementor-widget-toggle\" data-id=\"1581a82\" data-element_type=\"widget\" data-widget_type=\"toggle.default\">\n\t\t\t\t<div class=\"elementor-widget-container\">\n\t\t\t<style>\/*! elementor - v3.6.7 - 03-07-2022 *\/\n.elementor-toggle{text-align:left}.elementor-toggle .elementor-tab-title{font-weight:700;line-height:1;margin:0;padding:15px;border-bottom:1px solid #d4d4d4;cursor:pointer;outline:none}.elementor-toggle .elementor-tab-title .elementor-toggle-icon{display:inline-block;width:1em}.elementor-toggle .elementor-tab-title .elementor-toggle-icon svg{-webkit-margin-start:-5px;margin-inline-start:-5px;width:1em;height:1em}.elementor-toggle .elementor-tab-title .elementor-toggle-icon.elementor-toggle-icon-right{float:right;text-align:right}.elementor-toggle .elementor-tab-title .elementor-toggle-icon.elementor-toggle-icon-left{float:left;text-align:left}.elementor-toggle .elementor-tab-title .elementor-toggle-icon .elementor-toggle-icon-closed{display:block}.elementor-toggle .elementor-tab-title .elementor-toggle-icon .elementor-toggle-icon-opened{display:none}.elementor-toggle .elementor-tab-title.elementor-active{border-bottom:none}.elementor-toggle .elementor-tab-title.elementor-active .elementor-toggle-icon-closed{display:none}.elementor-toggle .elementor-tab-title.elementor-active .elementor-toggle-icon-opened{display:block}.elementor-toggle .elementor-tab-content{padding:15px;border-bottom:1px solid #d4d4d4;display:none}@media (max-width:767px){.elementor-toggle .elementor-tab-title{padding:12px}.elementor-toggle .elementor-tab-content{padding:12px 10px}}<\/style>\t\t<div class=\"elementor-toggle\" role=\"tablist\">\n\t\t\t\t\t\t\t<div class=\"elementor-toggle-item\">\n\t\t\t\t\t<div id=\"elementor-tab-title-2251\" class=\"elementor-tab-title\" data-tab=\"1\" role=\"tab\" aria-controls=\"elementor-tab-content-2251\" aria-expanded=\"false\">\n\t\t\t\t\t\t\t\t\t\t\t\t<span class=\"elementor-toggle-icon elementor-toggle-icon-right\" aria-hidden=\"true\">\n\t\t\t\t\t\t\t\t\t\t\t\t\t\t\t<span class=\"elementor-toggle-icon-closed\"><i class=\"fas fa-arrow-down\"><\/i><\/span>\n\t\t\t\t\t\t\t\t<span class=\"elementor-toggle-icon-opened\"><i class=\"elementor-toggle-icon-opened fas fa-arrow-up\"><\/i><\/span>\n\t\t\t\t\t\t\t\t\t\t\t\t\t<\/span>\n\t\t\t\t\t\t\t\t\t\t\t\t<a href=\"\" class=\"elementor-toggle-title\">Enables the infrastructure necessary to build repositories of information that can be consumed by third parties according to various regulations. This includes:<\/a>\n\t\t\t\t\t<\/div>\n\n\t\t\t\t\t<div id=\"elementor-tab-content-2251\" class=\"elementor-tab-content elementor-clearfix\" data-tab=\"1\" role=\"tabpanel\" aria-labelledby=\"elementor-tab-title-2251\"><p>\u2022 The extraction of data from various sources; physical devices, other repositories, etc.<br \/>\u2022 The modelling and standardisation of repositories.<br \/>\u2022 The modelling and standardisation of information repositories according to various standards.<br \/>\u2022 The use of standard formats for exploitation (e.g. open public data).<\/p><\/div>\n\t\t\t\t<\/div>\n\t\t\t\t\t\t\t\t<\/div>\n\t\t\t\t<\/div>\n\t\t\t\t<\/div>\n\t\t\t\t\t<\/div>\n\t\t<\/div>\n\t\t\t\t<div class=\"elementor-column elementor-col-33 elementor-top-column elementor-element elementor-element-ee1b0fb\" data-id=\"ee1b0fb\" data-element_type=\"column\">\n\t\t\t<div class=\"elementor-widget-wrap elementor-element-populated\">\n\t\t\t\t\t\t\t\t<section class=\"elementor-section elementor-inner-section elementor-element elementor-element-8cea84a elementor-section-full_width elementor-section-height-min-height elementor-section-height-default\" data-id=\"8cea84a\" data-element_type=\"section\">\n\t\t\t\t\t\t<div class=\"elementor-container elementor-column-gap-no\">\n\t\t\t\t\t<div class=\"elementor-column elementor-col-100 elementor-inner-column elementor-element elementor-element-86fd230\" data-id=\"86fd230\" data-element_type=\"column\">\n\t\t\t<div class=\"elementor-widget-wrap elementor-element-populated\">\n\t\t\t\t\t\t\t\t<div class=\"elementor-element elementor-element-1f546aa elementor-view-default elementor-widget elementor-widget-icon\" data-id=\"1f546aa\" data-element_type=\"widget\" data-widget_type=\"icon.default\">\n\t\t\t\t<div class=\"elementor-widget-container\">\n\t\t\t\t\t<div class=\"elementor-icon-wrapper\">\n\t\t\t<div class=\"elementor-icon\">\n\t\t\t<svg xmlns=\"http:\/\/www.w3.org\/2000\/svg\" xmlns:xlink=\"http:\/\/www.w3.org\/1999\/xlink\" width=\"63.383\" height=\"71.557\" viewbox=\"0 0 63.383 71.557\"><defs><lineargradient id=\"linear-gradient\" x1=\"0.5\" x2=\"0.5\" y2=\"1\" gradientunits=\"objectBoundingBox\"><stop offset=\"0\" stop-color=\"#52e9f3\"><\/stop><stop offset=\"1\" stop-color=\"#006187\"><\/stop><\/lineargradient><\/defs><g id=\"Group_167\" data-name=\"Group 167\" transform=\"translate(-278.462 -131.494)\"><path id=\"Path_803\" data-name=\"Path 803\" d=\"M463.187,334.3c-2.9,0-5.246.749-5.246,1.672,0,.51.717.967,1.848,1.274a14.71,14.71,0,0,0,6.8,0c1.131-.307,1.848-.763,1.848-1.274C468.432,335.05,466.084,334.3,463.187,334.3Z\" transform=\"translate(-153.804 -173.795)\" fill=\"url(#linear-gradient)\"><\/path><path id=\"Path_804\" data-name=\"Path 804\" d=\"M463.187,353.8a13.971,13.971,0,0,1-3.526-.415,4.341,4.341,0,0,1-1.72-.8v1.6c0,.924,2.348,1.672,5.246,1.672s5.245-.748,5.245-1.672v-1.6a4.339,4.339,0,0,1-1.72.8A13.968,13.968,0,0,1,463.187,353.8Z\" transform=\"translate(-153.804 -189.46)\" fill=\"url(#linear-gradient)\"><\/path><path id=\"Path_805\" data-name=\"Path 805\" d=\"M463.187,371.387a13.972,13.972,0,0,1-3.526-.415,4.34,4.34,0,0,1-1.72-.8v1.6c0,.923,2.348,1.672,5.246,1.672s5.245-.748,5.245-1.672v-1.6a4.339,4.339,0,0,1-1.72.8A13.969,13.969,0,0,1,463.187,371.387Z\" transform=\"translate(-153.804 -204.535)\" fill=\"url(#linear-gradient)\"><\/path><path id=\"Path_806\" data-name=\"Path 806\" d=\"M463.187,389.2a13.971,13.971,0,0,1-3.526-.415,4.341,4.341,0,0,1-1.72-.8v1.6c0,.924,2.348,1.672,5.246,1.672s5.245-.748,5.245-1.672v-1.6a4.339,4.339,0,0,1-1.72.8A13.968,13.968,0,0,1,463.187,389.2Z\" transform=\"translate(-153.804 -219.797)\" fill=\"url(#linear-gradient)\"><\/path><path id=\"Path_807\" data-name=\"Path 807\" d=\"M463.187,407.225a13.974,13.974,0,0,1-3.526-.415,4.342,4.342,0,0,1-1.72-.8v1.6c0,.924,2.348,1.672,5.246,1.672s5.245-.748,5.245-1.672v-1.6a4.342,4.342,0,0,1-1.72.8A13.971,13.971,0,0,1,463.187,407.225Z\" transform=\"translate(-153.804 -235.246)\" fill=\"url(#linear-gradient)\"><\/path><path id=\"Path_808\" data-name=\"Path 808\" d=\"M331.982,167.273a55.444,55.444,0,0,0,4.365-4.393c4.9-5.565,6.6-10.358,4.792-13.5s-6.813-4.061-14.084-2.6a55.444,55.444,0,0,0-5.987,1.583,55.424,55.424,0,0,0-1.622-5.976c-2.368-7.028-5.668-10.9-9.292-10.9s-6.924,3.87-9.292,10.9a55.439,55.439,0,0,0-1.622,5.976,55.441,55.441,0,0,0-5.987-1.583c-7.271-1.463-12.272-.54-14.084,2.6s-.11,7.931,4.792,13.5a55.47,55.47,0,0,0,4.365,4.393,55.47,55.47,0,0,0-4.365,4.393c-4.9,5.565-6.6,10.358-4.792,13.5,1.25,2.165,4.018,3.276,8,3.276a31.191,31.191,0,0,0,6.081-.678,55.438,55.438,0,0,0,5.987-1.583,55.438,55.438,0,0,0,1.622,5.976c2.368,7.028,5.668,10.9,9.292,10.9s6.924-3.87,9.292-10.9a55.423,55.423,0,0,0,1.622-5.976,55.44,55.44,0,0,0,5.987,1.583,31.193,31.193,0,0,0,6.081.678c3.984,0,6.753-1.111,8-3.276,1.812-3.138.11-7.931-4.792-13.5A55.444,55.444,0,0,0,331.982,167.273Zm-4.5-18.369a29.584,29.584,0,0,1,5.738-.648c3.089,0,5.207.75,6.049,2.209,1.292,2.238-.363,6.243-4.542,10.988a53.727,53.727,0,0,1-4.377,4.387,86.742,86.742,0,0,0-7.673-5.8,86.732,86.732,0,0,0-1.183-9.543A53.733,53.733,0,0,1,327.481,148.9Zm-12.021,27.56c-1.769,1.021-3.543,1.976-5.306,2.86-1.763-.883-3.538-1.839-5.306-2.86s-3.483-2.08-5.13-3.166c-.117-1.969-.177-3.983-.177-6.025s.06-4.057.177-6.025q2.47-1.628,5.13-3.166c1.769-1.021,3.543-1.976,5.306-2.86,1.763.883,3.538,1.839,5.306,2.86s3.483,2.08,5.13,3.166c.117,1.969.177,3.983.177,6.025s-.06,4.057-.177,6.025Q318.119,174.926,315.46,176.463Zm4.931-.463c-.224,2.554-.547,5.013-.963,7.336-2.22-.8-4.511-1.751-6.835-2.834q1.973-1.028,3.947-2.167T320.391,176Zm-12.677,4.5c-2.324,1.083-4.615,2.033-6.835,2.834-.416-2.323-.739-4.782-.963-7.336q1.877,1.194,3.851,2.335T307.714,180.5Zm-10.237-8.727c-2.1-1.471-4.068-2.98-5.872-4.5,1.8-1.522,3.772-3.031,5.872-4.5q-.1,2.223-.1,4.5T297.477,171.775Zm2.439-13.229c.224-2.554.547-5.013.963-7.336,2.22.8,4.511,1.751,6.835,2.834q-1.973,1.029-3.947,2.168T299.916,158.545Zm12.677-4.5c2.324-1.082,4.615-2.033,6.835-2.834.416,2.323.739,4.782.963,7.336q-1.877-1.194-3.851-2.335T312.593,154.043Zm10.237,8.727c2.1,1.471,4.068,2.98,5.872,4.5-1.8,1.522-3.772,3.031-5.872,4.5q.1-2.223.1-4.5T322.83,162.771Zm-19.921-19.688c2.019-5.991,4.659-9.428,7.244-9.428s5.225,3.436,7.244,9.428a53.755,53.755,0,0,1,1.611,5.984,86.74,86.74,0,0,0-8.855,3.747,86.739,86.739,0,0,0-8.856-3.747A53.748,53.748,0,0,1,302.909,143.082Zm-17.327,18.369c-4.179-4.744-5.835-8.749-4.542-10.988.842-1.459,2.96-2.209,6.049-2.209a29.59,29.59,0,0,1,5.738.648,53.758,53.758,0,0,1,5.988,1.6,86.75,86.75,0,0,0-1.183,9.543,86.7,86.7,0,0,0-7.673,5.8A53.753,53.753,0,0,1,285.581,161.451Zm7.244,24.19c-6.2,1.247-10.494.679-11.787-1.56s.363-6.243,4.542-10.988a53.775,53.775,0,0,1,4.377-4.387,86.7,86.7,0,0,0,7.673,5.8,86.747,86.747,0,0,0,1.183,9.543A53.764,53.764,0,0,1,292.826,185.642Zm24.572,5.821c-2.019,5.991-4.659,9.428-7.244,9.428s-5.225-3.436-7.244-9.428a53.75,53.75,0,0,1-1.611-5.984,86.774,86.774,0,0,0,8.856-3.747,86.775,86.775,0,0,0,8.855,3.747A53.757,53.757,0,0,1,317.4,191.463Zm21.87-7.381c-1.292,2.239-5.589,2.807-11.787,1.56a53.767,53.767,0,0,1-5.988-1.6,86.739,86.739,0,0,0,1.183-9.543,86.745,86.745,0,0,0,7.673-5.8,53.749,53.749,0,0,1,4.377,4.387C338.9,177.838,340.56,181.843,339.268,184.082Z\" fill=\"url(#linear-gradient)\"><\/path><\/g><\/svg>\t\t\t<\/div>\n\t\t<\/div>\n\t\t\t\t<\/div>\n\t\t\t\t<\/div>\n\t\t\t\t<div class=\"elementor-element elementor-element-93cca60 elementor-widget elementor-widget-heading\" data-id=\"93cca60\" data-element_type=\"widget\" data-widget_type=\"heading.default\">\n\t\t\t\t<div class=\"elementor-widget-container\">\n\t\t\t<h2 class=\"elementor-heading-title elementor-size-default translation-block\">DATA SCIENCE<\/h2>\t\t<\/div>\n\t\t\t\t<\/div>\n\t\t\t\t\t<\/div>\n\t\t<\/div>\n\t\t\t\t\t\t\t<\/div>\n\t\t<\/section>\n\t\t\t\t<div class=\"elementor-element elementor-element-8cf1f10 elementor-widget elementor-widget-text-editor\" data-id=\"8cf1f10\" data-element_type=\"widget\" data-widget_type=\"text-editor.default\">\n\t\t\t\t<div class=\"elementor-widget-container\">\n\t\t\t\t\t\t\t<p>Machine Learning solutions applied to:<\/p><p>\u2022 Manufacturing quality<br \/>\u2022 Prediction of product orders<br \/>\u2022 Recommendation of products most likely to be purchased by a customer<br \/>\u2022 Customer risk management applied to the financial sector<\/p>\t\t\t\t\t\t<\/div>\n\t\t\t\t<\/div>\n\t\t\t\t\t<\/div>\n\t\t<\/div>\n\t\t\t\t\t\t\t<\/div>\n\t\t<\/section>\n\t\t\t\t\t\t\t<\/div>","protected":false},"excerpt":{"rendered":"<p>Inteligencia Artificial Big Data El mundo de la inteligencia artificial y el \u201cBig Data\u201d permiten traducir los datos a informaci\u00f3n \u00fatil para los diferentes consumidores. Detecci\u00f3n, predicci\u00f3n, an\u00e1lisis y conteo de personas \/ veh\u00edculos \/ plantas \/ animales An\u00e1lisis de flujos en centros comerciales, aeropuertos, carreteras, explotaciones agrarias, etc. o para el control de aforos [&hellip;]<\/p>","protected":false},"author":1,"featured_media":0,"parent":0,"menu_order":2,"comment_status":"closed","ping_status":"closed","template":"","meta":{"footnotes":""},"class_list":["post-27","page","type-page","status-publish","hentry"],"_links":{"self":[{"href":"https:\/\/metiac.es\/en\/wp-json\/wp\/v2\/pages\/27","targetHints":{"allow":["GET"]}}],"collection":[{"href":"https:\/\/metiac.es\/en\/wp-json\/wp\/v2\/pages"}],"about":[{"href":"https:\/\/metiac.es\/en\/wp-json\/wp\/v2\/types\/page"}],"author":[{"embeddable":true,"href":"https:\/\/metiac.es\/en\/wp-json\/wp\/v2\/users\/1"}],"replies":[{"embeddable":true,"href":"https:\/\/metiac.es\/en\/wp-json\/wp\/v2\/comments?post=27"}],"version-history":[{"count":10,"href":"https:\/\/metiac.es\/en\/wp-json\/wp\/v2\/pages\/27\/revisions"}],"predecessor-version":[{"id":586,"href":"https:\/\/metiac.es\/en\/wp-json\/wp\/v2\/pages\/27\/revisions\/586"}],"wp:attachment":[{"href":"https:\/\/metiac.es\/en\/wp-json\/wp\/v2\/media?parent=27"}],"curies":[{"name":"wp","href":"https:\/\/api.w.org\/{rel}","templated":true}]}}